{"id":4094,"date":"2024-05-29T00:36:03","date_gmt":"2024-05-28T22:36:03","guid":{"rendered":"https:\/\/rae3dstudio.com\/?page_id=4094"},"modified":"2025-02-03T18:53:19","modified_gmt":"2025-02-03T17:53:19","slug":"nosotros","status":"publish","type":"page","link":"https:\/\/test.rae3dstudio.com\/en\/nosotros\/","title":{"rendered":"About us"},"content":{"rendered":"<div data-elementor-type=\"wp-page\" data-elementor-id=\"4094\" class=\"elementor elementor-4094\" data-elementor-post-type=\"page\">\n\t\t\t\t\t\t<section class=\"elementor-section elementor-top-section elementor-element elementor-element-7350269 elementor-section-stretched elementor-section-boxed elementor-section-height-default elementor-section-height-default\" data-id=\"7350269\" data-element_type=\"section\" data-e-type=\"section\" data-settings=\"{&quot;background_background&quot;:&quot;classic&quot;,&quot;stretch_section&quot;:&quot;section-stretched&quot;}\">\n\t\t\t\t\t\t<div class=\"elementor-container elementor-column-gap-default\">\n\t\t\t\t\t<div class=\"elementor-column elementor-col-100 elementor-top-column elementor-element elementor-element-6a16865\" data-id=\"6a16865\" data-element_type=\"column\" data-e-type=\"column\">\n\t\t\t<div class=\"elementor-widget-wrap elementor-element-populated\">\n\t\t\t\t\t\t<div class=\"elementor-element elementor-element-499810a elementor-widget elementor-widget-heading\" data-id=\"499810a\" data-element_type=\"widget\" data-e-type=\"widget\" data-widget_type=\"heading.default\">\n\t\t\t\t<div class=\"elementor-widget-container\">\n\t\t\t\t\t<h2 class=\"elementor-heading-title elementor-size-default\">About us<\/h2>\t\t\t\t<\/div>\n\t\t\t\t<\/div>\n\t\t\t\t\t<\/div>\n\t\t<\/div>\n\t\t\t\t\t<\/div>\n\t\t<\/section>\n\t\t\t\t<section class=\"elementor-section elementor-top-section elementor-element elementor-element-c99ba60 elementor-section-boxed elementor-section-height-default elementor-section-height-default\" data-id=\"c99ba60\" data-element_type=\"section\" data-e-type=\"section\" data-settings=\"{&quot;background_background&quot;:&quot;classic&quot;}\">\n\t\t\t\t\t\t\t<div class=\"elementor-background-overlay\"><\/div>\n\t\t\t\t\t\t\t<div class=\"elementor-container elementor-column-gap-default\">\n\t\t\t\t\t<div class=\"elementor-column elementor-col-100 elementor-top-column elementor-element elementor-element-743deda\" data-id=\"743deda\" data-element_type=\"column\" data-e-type=\"column\">\n\t\t\t<div class=\"elementor-widget-wrap elementor-element-populated\">\n\t\t\t\t\t\t<section class=\"elementor-section elementor-inner-section elementor-element elementor-element-995c024 elementor-section-boxed elementor-section-height-default elementor-section-height-default\" data-id=\"995c024\" data-element_type=\"section\" data-e-type=\"section\">\n\t\t\t\t\t\t<div class=\"elementor-container elementor-column-gap-default\">\n\t\t\t\t\t<div class=\"elementor-column elementor-col-50 elementor-inner-column elementor-element elementor-element-cffb1a4\" data-id=\"cffb1a4\" data-element_type=\"column\" data-e-type=\"column\">\n\t\t\t<div class=\"elementor-widget-wrap elementor-element-populated\">\n\t\t\t\t\t\t<div class=\"elementor-element elementor-element-df235f1 elementor-widget elementor-widget-image\" data-id=\"df235f1\" data-element_type=\"widget\" data-e-type=\"widget\" data-widget_type=\"image.default\">\n\t\t\t\t<div class=\"elementor-widget-container\">\n\t\t\t\t\t\t\t\t\t\t\t\t\t\t\t<img fetchpriority=\"high\" decoding=\"async\" width=\"931\" height=\"619\" src=\"https:\/\/test.rae3dstudio.com\/wp-content\/uploads\/2024\/05\/Screenshot_10.png\" class=\"elementor-animation-hang attachment-full size-full wp-image-3745\" alt=\"\" \/>\t\t\t\t\t\t\t\t\t\t\t\t\t\t\t<\/div>\n\t\t\t\t<\/div>\n\t\t\t\t\t<\/div>\n\t\t<\/div>\n\t\t\t\t<div class=\"elementor-column elementor-col-50 elementor-inner-column elementor-element elementor-element-7a860ad\" data-id=\"7a860ad\" data-element_type=\"column\" data-e-type=\"column\" data-settings=\"{&quot;background_background&quot;:&quot;classic&quot;}\">\n\t\t\t<div class=\"elementor-widget-wrap elementor-element-populated\">\n\t\t\t\t\t\t<div class=\"elementor-element elementor-element-2c8f2f1 elementor-widget elementor-widget-heading\" data-id=\"2c8f2f1\" data-element_type=\"widget\" data-e-type=\"widget\" data-widget_type=\"heading.default\">\n\t\t\t\t<div class=\"elementor-widget-container\">\n\t\t\t\t\t<h3 class=\"elementor-heading-title elementor-size-default\">Mission<\/h3>\t\t\t\t<\/div>\n\t\t\t\t<\/div>\n\t\t\t\t<div class=\"elementor-element elementor-element-0a52f6b elementor-widget elementor-widget-text-editor\" data-id=\"0a52f6b\" data-element_type=\"widget\" data-e-type=\"widget\" data-widget_type=\"text-editor.default\">\n\t\t\t\t<div class=\"elementor-widget-container\">\n\t\t\t\t\t\t\t\t\t<p>Brindar soluciones integrales en dise\u00f1o de closets, cocinas y muebles, as\u00ed como visualizaci\u00f3n arquitect\u00f3nica, enfocadas en la innovaci\u00f3n, el detalle y el acompa\u00f1amiento personalizado. Buscamos maximizar el valor de cada proyecto, garantizando resultados eficientes y de alta calidad para nuestros clientes.<\/p>\t\t\t\t\t\t\t\t<\/div>\n\t\t\t\t<\/div>\n\t\t\t\t\t<\/div>\n\t\t<\/div>\n\t\t\t\t\t<\/div>\n\t\t<\/section>\n\t\t\t\t<section class=\"elementor-section elementor-inner-section elementor-element elementor-element-c84cb5d elementor-reverse-mobile elementor-section-boxed elementor-section-height-default elementor-section-height-default\" data-id=\"c84cb5d\" data-element_type=\"section\" data-e-type=\"section\">\n\t\t\t\t\t\t<div class=\"elementor-container elementor-column-gap-default\">\n\t\t\t\t\t<div class=\"elementor-column elementor-col-50 elementor-inner-column elementor-element elementor-element-1443e5a\" data-id=\"1443e5a\" data-element_type=\"column\" data-e-type=\"column\" data-settings=\"{&quot;background_background&quot;:&quot;classic&quot;}\">\n\t\t\t<div class=\"elementor-widget-wrap elementor-element-populated\">\n\t\t\t\t\t\t<div class=\"elementor-element elementor-element-aa57e6e elementor-widget elementor-widget-heading\" data-id=\"aa57e6e\" data-element_type=\"widget\" data-e-type=\"widget\" data-widget_type=\"heading.default\">\n\t\t\t\t<div class=\"elementor-widget-container\">\n\t\t\t\t\t<h3 class=\"elementor-heading-title elementor-size-default\">Vision<\/h3>\t\t\t\t<\/div>\n\t\t\t\t<\/div>\n\t\t\t\t<div class=\"elementor-element elementor-element-437ca7f elementor-widget elementor-widget-text-editor\" data-id=\"437ca7f\" data-element_type=\"widget\" data-e-type=\"widget\" data-widget_type=\"text-editor.default\">\n\t\t\t\t<div class=\"elementor-widget-container\">\n\t\t\t\t\t\t\t\t\t<p>Consolidarnos como la empresa l\u00edder en dise\u00f1o interior y servicios de visualizaci\u00f3n arquitect\u00f3nica en Miami, reconocida por combinar tecnolog\u00eda, creatividad y excelencia en cada proyecto, impulsando la satisfacci\u00f3n y la confianza de nuestros clientes.<\/p>\t\t\t\t\t\t\t\t<\/div>\n\t\t\t\t<\/div>\n\t\t\t\t\t<\/div>\n\t\t<\/div>\n\t\t\t\t<div class=\"elementor-column elementor-col-50 elementor-inner-column elementor-element elementor-element-b943a6a\" data-id=\"b943a6a\" data-element_type=\"column\" data-e-type=\"column\">\n\t\t\t<div class=\"elementor-widget-wrap elementor-element-populated\">\n\t\t\t\t\t\t<div class=\"elementor-element elementor-element-8ccebae elementor-widget elementor-widget-image\" data-id=\"8ccebae\" data-element_type=\"widget\" data-e-type=\"widget\" data-widget_type=\"image.default\">\n\t\t\t\t<div class=\"elementor-widget-container\">\n\t\t\t\t\t\t\t\t\t\t\t\t\t\t\t<img decoding=\"async\" width=\"768\" height=\"512\" src=\"https:\/\/test.rae3dstudio.com\/wp-content\/uploads\/2025\/01\/2147944887-768x512.webp\" class=\"elementor-animation-hang attachment-medium_large size-medium_large wp-image-4845\" alt=\"\" \/>\t\t\t\t\t\t\t\t\t\t\t\t\t\t\t<\/div>\n\t\t\t\t<\/div>\n\t\t\t\t\t<\/div>\n\t\t<\/div>\n\t\t\t\t\t<\/div>\n\t\t<\/section>\n\t\t\t\t<section class=\"elementor-section elementor-inner-section elementor-element elementor-element-05a4ae6 elementor-section-boxed elementor-section-height-default elementor-section-height-default\" data-id=\"05a4ae6\" data-element_type=\"section\" data-e-type=\"section\">\n\t\t\t\t\t\t<div class=\"elementor-container elementor-column-gap-default\">\n\t\t\t\t\t<div class=\"elementor-column elementor-col-50 elementor-inner-column elementor-element elementor-element-6ac4a5c\" data-id=\"6ac4a5c\" data-element_type=\"column\" data-e-type=\"column\">\n\t\t\t<div class=\"elementor-widget-wrap elementor-element-populated\">\n\t\t\t\t\t\t<div class=\"elementor-element elementor-element-1ac936e elementor-widget elementor-widget-image\" data-id=\"1ac936e\" data-element_type=\"widget\" data-e-type=\"widget\" data-widget_type=\"image.default\">\n\t\t\t\t<div class=\"elementor-widget-container\">\n\t\t\t\t\t\t\t\t\t\t\t\t\t\t\t<img decoding=\"async\" width=\"931\" height=\"619\" src=\"https:\/\/test.rae3dstudio.com\/wp-content\/uploads\/2024\/05\/Screenshot_11.png\" class=\"elementor-animation-hang attachment-full size-full wp-image-3746\" alt=\"\" \/>\t\t\t\t\t\t\t\t\t\t\t\t\t\t\t<\/div>\n\t\t\t\t<\/div>\n\t\t\t\t\t<\/div>\n\t\t<\/div>\n\t\t\t\t<div class=\"elementor-column elementor-col-50 elementor-inner-column elementor-element elementor-element-89a7f9f\" data-id=\"89a7f9f\" data-element_type=\"column\" data-e-type=\"column\" data-settings=\"{&quot;background_background&quot;:&quot;classic&quot;}\">\n\t\t\t<div class=\"elementor-widget-wrap elementor-element-populated\">\n\t\t\t\t\t\t<div class=\"elementor-element elementor-element-f3ab42c elementor-widget elementor-widget-heading\" data-id=\"f3ab42c\" data-element_type=\"widget\" data-e-type=\"widget\" data-widget_type=\"heading.default\">\n\t\t\t\t<div class=\"elementor-widget-container\">\n\t\t\t\t\t<h3 class=\"elementor-heading-title elementor-size-default\">Values<\/h3>\t\t\t\t<\/div>\n\t\t\t\t<\/div>\n\t\t\t\t<div class=\"elementor-element elementor-element-153dfad elementor-widget elementor-widget-text-editor\" data-id=\"153dfad\" data-element_type=\"widget\" data-e-type=\"widget\" data-widget_type=\"text-editor.default\">\n\t\t\t\t<div class=\"elementor-widget-container\">\n\t\t\t\t\t\t\t\t\t<ul><li><p><strong>Innovaci\u00f3n:<\/strong> Emplear la creatividad y la tecnolog\u00eda m\u00e1s avanzada en todos nuestros servicios.<\/p><\/li><li><p><strong>Compromiso:<\/strong> Asumir con responsabilidad cada proyecto, cumpliendo tiempos y expectativas.<\/p><\/li><li><p><strong>Calidad:<\/strong> Mantener est\u00e1ndares elevados en materiales, procesos y entregables, asegurando durabilidad y precisi\u00f3n.<\/p><\/li><li><p><strong>Transparencia:<\/strong> Comunicar de forma clara, honesta y constante con nuestros clientes y aliados.<\/p><\/li><li><p><strong>Orientaci\u00f3n al Cliente:<\/strong> Adaptarnos a las necesidades espec\u00edficas de cada proyecto, brindando un trato cercano y soluciones personalizadas.<\/p><\/li><\/ul>\t\t\t\t\t\t\t\t<\/div>\n\t\t\t\t<\/div>\n\t\t\t\t\t<\/div>\n\t\t<\/div>\n\t\t\t\t\t<\/div>\n\t\t<\/section>\n\t\t\t\t\t<\/div>\n\t\t<\/div>\n\t\t\t\t\t<\/div>\n\t\t<\/section>\n\t\t\t\t<section class=\"elementor-section elementor-top-section elementor-element elementor-element-6f24125 elementor-section-boxed elementor-section-height-default elementor-section-height-default\" data-id=\"6f24125\" data-element_type=\"section\" data-e-type=\"section\" data-settings=\"{&quot;background_background&quot;:&quot;classic&quot;}\">\n\t\t\t\t\t\t\t<div class=\"elementor-background-overlay\"><\/div>\n\t\t\t\t\t\t\t<div class=\"elementor-container elementor-column-gap-default\">\n\t\t\t\t\t<div class=\"elementor-column elementor-col-100 elementor-top-column elementor-element elementor-element-1915698\" data-id=\"1915698\" data-element_type=\"column\" data-e-type=\"column\">\n\t\t\t<div class=\"elementor-widget-wrap elementor-element-populated\">\n\t\t\t\t\t\t<section class=\"elementor-section elementor-inner-section elementor-element elementor-element-38243a9 elementor-section-boxed elementor-section-height-default elementor-section-height-default\" data-id=\"38243a9\" data-element_type=\"section\" data-e-type=\"section\">\n\t\t\t\t\t\t<div class=\"elementor-container elementor-column-gap-default\">\n\t\t\t\t\t<div class=\"elementor-column elementor-col-100 elementor-inner-column elementor-element elementor-element-ca3995d\" data-id=\"ca3995d\" data-element_type=\"column\" data-e-type=\"column\">\n\t\t\t<div class=\"elementor-widget-wrap elementor-element-populated\">\n\t\t\t\t\t\t<div class=\"elementor-element elementor-element-5ffed55 elementor-widget elementor-widget-heading\" data-id=\"5ffed55\" data-element_type=\"widget\" data-e-type=\"widget\" data-widget_type=\"heading.default\">\n\t\t\t\t<div class=\"elementor-widget-container\">\n\t\t\t\t\t<h6 class=\"elementor-heading-title elementor-size-default\">Creative Team<\/h6>\t\t\t\t<\/div>\n\t\t\t\t<\/div>\n\t\t\t\t<div class=\"elementor-element elementor-element-745e1bc sentence elementor-widget elementor-widget-heading\" data-id=\"745e1bc\" data-element_type=\"widget\" data-e-type=\"widget\" data-widget_type=\"heading.default\">\n\t\t\t\t<div class=\"elementor-widget-container\">\n\t\t\t\t\t<h3 class=\"elementor-heading-title elementor-size-default\">Meet our team<\/h3>\t\t\t\t<\/div>\n\t\t\t\t<\/div>\n\t\t\t\t\t<\/div>\n\t\t<\/div>\n\t\t\t\t\t<\/div>\n\t\t<\/section>\n\t\t\t\t<section class=\"elementor-section elementor-inner-section elementor-element elementor-element-c7165fd elementor-section-boxed elementor-section-height-default elementor-section-height-default\" data-id=\"c7165fd\" data-element_type=\"section\" data-e-type=\"section\">\n\t\t\t\t\t\t<div class=\"elementor-container elementor-column-gap-wide\">\n\t\t\t\t\t<div class=\"elementor-column elementor-col-33 elementor-inner-column elementor-element elementor-element-e0a5a0a\" data-id=\"e0a5a0a\" data-element_type=\"column\" data-e-type=\"column\">\n\t\t\t<div class=\"elementor-widget-wrap\">\n\t\t\t\t\t\t\t<\/div>\n\t\t<\/div>\n\t\t\t\t<div class=\"elementor-column elementor-col-33 elementor-inner-column elementor-element elementor-element-5d0646f\" data-id=\"5d0646f\" data-element_type=\"column\" data-e-type=\"column\">\n\t\t\t<div class=\"elementor-widget-wrap elementor-element-populated\">\n\t\t\t\t\t\t<div class=\"elementor-element elementor-element-bc7bc20 elementor-widget elementor-widget-bim-team\" data-id=\"bc7bc20\" data-element_type=\"widget\" data-e-type=\"widget\" data-widget_type=\"bim-team.default\">\n\t\t\t\t<div class=\"elementor-widget-container\">\n\t\t\t\t\t        <div class=\"clearfix team-1\">\r\n            <div class=\"port-inner\">\r\n                <div class=\"port-box\"><\/div>\r\n                <div class=\"port-img width-img img-bg\" style=\"background-image:url(https:\/\/rae3dstudio.com\/wp-content\/uploads\/2025\/02\/team-Ricky2.webp);\"><\/div>\r\n                <div class=\"img-mask\"><\/div>\r\n                <div class=\"port-dbox\">\r\n                    <div class=\"dbox-relative\">\r\n                        \r\n                        <ul class=\"team-sicon\">\r\n                                                        <li>\r\n                                <a href=\"#\">                                    <i class=\"fa fa-facebook\"><\/i>\r\n                                <\/a>\r\n                            <\/li>\r\n                                                        \r\n                        <\/ul>\r\n                        \r\n                    <\/div>\r\n                <\/div>\r\n            <\/div>\r\n            <div class=\"team-info\">\r\n                <h5 >Ricardo Gonz\u00e1lez<\/h5>\r\n                <p >Managing Director<\/p>\r\n            <\/div>\r\n        <\/div>\t\t\t\t<\/div>\n\t\t\t\t<\/div>\n\t\t\t\t\t<\/div>\n\t\t<\/div>\n\t\t\t\t<div class=\"elementor-column elementor-col-33 elementor-inner-column elementor-element elementor-element-6bfa851\" data-id=\"6bfa851\" data-element_type=\"column\" data-e-type=\"column\">\n\t\t\t<div class=\"elementor-widget-wrap\">\n\t\t\t\t\t\t\t<\/div>\n\t\t<\/div>\n\t\t\t\t\t<\/div>\n\t\t<\/section>\n\t\t\t\t<section class=\"elementor-section elementor-inner-section elementor-element elementor-element-88b6c4b elementor-section-boxed elementor-section-height-default elementor-section-height-default\" data-id=\"88b6c4b\" data-element_type=\"section\" data-e-type=\"section\">\n\t\t\t\t\t\t<div class=\"elementor-container elementor-column-gap-wide\">\n\t\t\t\t\t<div class=\"elementor-column elementor-col-33 elementor-inner-column elementor-element elementor-element-d5d67a6\" data-id=\"d5d67a6\" data-element_type=\"column\" data-e-type=\"column\">\n\t\t\t<div class=\"elementor-widget-wrap elementor-element-populated\">\n\t\t\t\t\t\t<div class=\"elementor-element elementor-element-043228b elementor-widget elementor-widget-bim-team\" data-id=\"043228b\" data-element_type=\"widget\" data-e-type=\"widget\" data-widget_type=\"bim-team.default\">\n\t\t\t\t<div class=\"elementor-widget-container\">\n\t\t\t\t\t        <div class=\"clearfix team-1\">\r\n            <div class=\"port-inner\">\r\n                <div class=\"port-box\"><\/div>\r\n                <div class=\"port-img width-img img-bg\" style=\"background-image:url(https:\/\/rae3dstudio.com\/wp-content\/uploads\/2025\/02\/Team-armando.webp);\"><\/div>\r\n                <div class=\"img-mask\"><\/div>\r\n                <div class=\"port-dbox\">\r\n                    <div class=\"dbox-relative\">\r\n                        \r\n                        <ul class=\"team-sicon\">\r\n                                                        <li>\r\n                                <a href=\"#\">                                    <i class=\"fa fa-facebook\"><\/i>\r\n                                <\/a>\r\n                            <\/li>\r\n                                                        \r\n                        <\/ul>\r\n                        \r\n                    <\/div>\r\n                <\/div>\r\n            <\/div>\r\n            <div class=\"team-info\">\r\n                <h5 >Armando Cotilla<\/h5>\r\n                <p >Project Manager<\/p>\r\n            <\/div>\r\n        <\/div>\t\t\t\t<\/div>\n\t\t\t\t<\/div>\n\t\t\t\t\t<\/div>\n\t\t<\/div>\n\t\t\t\t<div class=\"elementor-column elementor-col-33 elementor-inner-column elementor-element elementor-element-8fd086b\" data-id=\"8fd086b\" data-element_type=\"column\" data-e-type=\"column\">\n\t\t\t<div class=\"elementor-widget-wrap elementor-element-populated\">\n\t\t\t\t\t\t<div class=\"elementor-element elementor-element-bdaf086 elementor-widget elementor-widget-bim-team\" data-id=\"bdaf086\" data-element_type=\"widget\" data-e-type=\"widget\" data-widget_type=\"bim-team.default\">\n\t\t\t\t<div class=\"elementor-widget-container\">\n\t\t\t\t\t        <div class=\"clearfix team-1\">\r\n            <div class=\"port-inner\">\r\n                <div class=\"port-box\"><\/div>\r\n                <div class=\"port-img width-img img-bg\" style=\"background-image:url(https:\/\/rae3dstudio.com\/wp-content\/uploads\/2025\/02\/Team-Emma.webp);\"><\/div>\r\n                <div class=\"img-mask\"><\/div>\r\n                <div class=\"port-dbox\">\r\n                    <div class=\"dbox-relative\">\r\n                        \r\n                        <ul class=\"team-sicon\">\r\n                                                        <li>\r\n                                <a href=\"#\">                                    <i class=\"fa fa-facebook\"><\/i>\r\n                                <\/a>\r\n                            <\/li>\r\n                                                        \r\n                        <\/ul>\r\n                        \r\n                    <\/div>\r\n                <\/div>\r\n            <\/div>\r\n            <div class=\"team-info\">\r\n                <h5 >Enma Gonzalez<\/h5>\r\n                <p >Adm. \/ Ventas \/ Marketing<\/p>\r\n            <\/div>\r\n        <\/div>\t\t\t\t<\/div>\n\t\t\t\t<\/div>\n\t\t\t\t\t<\/div>\n\t\t<\/div>\n\t\t\t\t<div class=\"elementor-column elementor-col-33 elementor-inner-column elementor-element elementor-element-7d45ff5\" data-id=\"7d45ff5\" data-element_type=\"column\" data-e-type=\"column\">\n\t\t\t<div class=\"elementor-widget-wrap elementor-element-populated\">\n\t\t\t\t\t\t<div class=\"elementor-element elementor-element-ff218ab elementor-widget elementor-widget-bim-team\" data-id=\"ff218ab\" data-element_type=\"widget\" data-e-type=\"widget\" data-widget_type=\"bim-team.default\">\n\t\t\t\t<div class=\"elementor-widget-container\">\n\t\t\t\t\t        <div class=\"clearfix team-1\">\r\n            <div class=\"port-inner\">\r\n                <div class=\"port-box\"><\/div>\r\n                <div class=\"port-img width-img img-bg\" style=\"background-image:url(https:\/\/rae3dstudio.com\/wp-content\/uploads\/2025\/02\/Team-Paul.webp);\"><\/div>\r\n                <div class=\"img-mask\"><\/div>\r\n                <div class=\"port-dbox\">\r\n                    <div class=\"dbox-relative\">\r\n                        \r\n                        <ul class=\"team-sicon\">\r\n                                                        <li>\r\n                                <a href=\"#\">                                    <i class=\"fa fa-facebook\"><\/i>\r\n                                <\/a>\r\n                            <\/li>\r\n                                                        \r\n                        <\/ul>\r\n                        \r\n                    <\/div>\r\n                <\/div>\r\n            <\/div>\r\n            <div class=\"team-info\">\r\n                <h5 >Paul Angeles \ud83c\uddf5\ud83c\uddea<\/h5>\r\n                <p >IT Specialist \/ D. Gr\u00e1fico<\/p>\r\n            <\/div>\r\n        <\/div>\t\t\t\t<\/div>\n\t\t\t\t<\/div>\n\t\t\t\t\t<\/div>\n\t\t<\/div>\n\t\t\t\t\t<\/div>\n\t\t<\/section>\n\t\t\t\t<div class=\"elementor-element elementor-element-85871a0 sentence elementor-widget elementor-widget-heading\" data-id=\"85871a0\" data-element_type=\"widget\" data-e-type=\"widget\" data-widget_type=\"heading.default\">\n\t\t\t\t<div class=\"elementor-widget-container\">\n\t\t\t\t\t<h3 class=\"elementor-heading-title elementor-size-default\">\u00bfListos para trabajar con nosotros?<\/h3>\t\t\t\t<\/div>\n\t\t\t\t<\/div>\n\t\t\t\t<div class=\"elementor-element elementor-element-9f0e1dc sentence elementor-widget elementor-widget-heading\" data-id=\"9f0e1dc\" data-element_type=\"widget\" data-e-type=\"widget\" data-widget_type=\"heading.default\">\n\t\t\t\t<div class=\"elementor-widget-container\">\n\t\t\t\t\t<h3 class=\"elementor-heading-title elementor-size-default\">Cont\u00e1ctanos y descubre c\u00f3mo nuestro equipo puede hacer realidad tu pr\u00f3ximo proyecto de dise\u00f1o y fabricaci\u00f3n de muebles de lujo.<\/h3>\t\t\t\t<\/div>\n\t\t\t\t<\/div>\n\t\t\t\t<div class=\"elementor-element elementor-element-1eddbe0 elementor-widget elementor-widget-better-button\" data-id=\"1eddbe0\" data-element_type=\"widget\" data-e-type=\"widget\" data-widget_type=\"better-button.default\">\n\t\t\t\t<div class=\"elementor-widget-container\">\n\t\t\t\t\t<div class=\"better-button style-4\">\r\n    <a href=\"https:\/\/rae3dstudio.com\/contacto\" class=\"better-btn-curve btn-lit\"><span>Contact us<\/span><\/a>\r\n<\/div>\r\n\t\t\t\t<\/div>\n\t\t\t\t<\/div>\n\t\t\t\t\t<\/div>\n\t\t<\/div>\n\t\t\t\t\t<\/div>\n\t\t<\/section>\n\t\t\t\t<\/div>","protected":false},"excerpt":{"rendered":"<p>Nosotros Misi\u00f3n Brindar soluciones integrales en dise\u00f1o de closets, cocinas y muebles, as\u00ed como visualizaci\u00f3n arquitect\u00f3nica, enfocadas en la innovaci\u00f3n, el detalle y el acompa\u00f1amiento personalizado. Buscamos maximizar el valor de cada proyecto, garantizando resultados eficientes y de alta calidad para nuestros clientes. Visi\u00f3n Consolidarnos como la empresa l\u00edder en dise\u00f1o interior y servicios de visualizaci\u00f3n arquitect\u00f3nica en Miami, reconocida &hellip;<\/p>","protected":false},"author":1,"featured_media":0,"parent":0,"menu_order":0,"comment_status":"closed","ping_status":"closed","template":"elementor_header_footer","meta":{"footnotes":""},"class_list":["post-4094","page","type-page","status-publish","hentry"],"_hostinger_reach_plugin_has_subscription_block":false,"_hostinger_reach_plugin_is_elementor":false,"_links":{"self":[{"href":"https:\/\/test.rae3dstudio.com\/en\/wp-json\/wp\/v2\/pages\/4094","targetHints":{"allow":["GET"]}}],"collection":[{"href":"https:\/\/test.rae3dstudio.com\/en\/wp-json\/wp\/v2\/pages"}],"about":[{"href":"https:\/\/test.rae3dstudio.com\/en\/wp-json\/wp\/v2\/types\/page"}],"author":[{"embeddable":true,"href":"https:\/\/test.rae3dstudio.com\/en\/wp-json\/wp\/v2\/users\/1"}],"replies":[{"embeddable":true,"href":"https:\/\/test.rae3dstudio.com\/en\/wp-json\/wp\/v2\/comments?post=4094"}],"version-history":[{"count":43,"href":"https:\/\/test.rae3dstudio.com\/en\/wp-json\/wp\/v2\/pages\/4094\/revisions"}],"predecessor-version":[{"id":5116,"href":"https:\/\/test.rae3dstudio.com\/en\/wp-json\/wp\/v2\/pages\/4094\/revisions\/5116"}],"wp:attachment":[{"href":"https:\/\/test.rae3dstudio.com\/en\/wp-json\/wp\/v2\/media?parent=4094"}],"curies":[{"name":"wp","href":"https:\/\/api.w.org\/{rel}","templated":true}]}}